{"id":22,"date":"2022-05-27T06:56:28","date_gmt":"2022-05-27T06:56:28","guid":{"rendered":"https:\/\/rebelsunflowers.com\/?page_id=22"},"modified":"2023-12-13T10:49:24","modified_gmt":"2023-12-13T10:49:24","slug":"zwroty","status":"publish","type":"page","link":"https:\/\/rebelsunflowers.com\/index.php\/zwroty\/","title":{"rendered":"Polityka zwrot\u00f3w"},"content":{"rendered":"\t\t<div data-elementor-type=\"wp-page\" data-elementor-id=\"22\" class=\"elementor elementor-22\">\n\t\t\t\t\t\t\t\t\t<section data-particle_enable=\"false\" data-particle-mobile-disabled=\"false\" class=\"elementor-section elementor-top-section elementor-element elementor-element-695798f7 elementor-section-boxed elementor-section-height-default elementor-section-height-default\" data-id=\"695798f7\" data-element_type=\"section\">\n\t\t\t\t\t\t<div class=\"elementor-container elementor-column-gap-default\">\n\t\t\t\t\t<div class=\"elementor-column elementor-col-100 elementor-top-column elementor-element elementor-element-e4faf06\" data-id=\"e4faf06\" data-element_type=\"column\">\n\t\t\t<div class=\"elementor-widget-wrap elementor-element-populated\">\n\t\t\t\t\t\t\t\t<div class=\"elementor-element elementor-element-efef2d4 elementor-widget elementor-widget-heading\" data-id=\"efef2d4\" data-element_type=\"widget\" data-widget_type=\"heading.default\">\n\t\t\t\t<div class=\"elementor-widget-container\">\n\t\t\t<style>\/*! elementor - v3.8.1 - 13-11-2022 *\/\n.elementor-heading-title{padding:0;margin:0;line-height:1}.elementor-widget-heading .elementor-heading-title[class*=elementor-size-]>a{color:inherit;font-size:inherit;line-height:inherit}.elementor-widget-heading .elementor-heading-title.elementor-size-small{font-size:15px}.elementor-widget-heading .elementor-heading-title.elementor-size-medium{font-size:19px}.elementor-widget-heading .elementor-heading-title.elementor-size-large{font-size:29px}.elementor-widget-heading .elementor-heading-title.elementor-size-xl{font-size:39px}.elementor-widget-heading .elementor-heading-title.elementor-size-xxl{font-size:59px}<\/style><h4 class=\"elementor-heading-title elementor-size-default\">Polityka zwrot\u00f3w <\/h4>\t\t<\/div>\n\t\t\t\t<\/div>\n\t\t\t\t<div class=\"elementor-element elementor-element-69e8f87d elementor-widget elementor-widget-text-editor\" data-id=\"69e8f87d\" data-element_type=\"widget\" data-widget_type=\"text-editor.default\">\n\t\t\t\t<div class=\"elementor-widget-container\">\n\t\t\t<style>\/*! elementor - v3.8.1 - 13-11-2022 *\/\n.elementor-widget-text-editor.elementor-drop-cap-view-stacked .elementor-drop-cap{background-color:#818a91;color:#fff}.elementor-widget-text-editor.elementor-drop-cap-view-framed .elementor-drop-cap{color:#818a91;border:3px solid;background-color:transparent}.elementor-widget-text-editor:not(.elementor-drop-cap-view-default) .elementor-drop-cap{margin-top:8px}.elementor-widget-text-editor:not(.elementor-drop-cap-view-default) .elementor-drop-cap-letter{width:1em;height:1em}.elementor-widget-text-editor .elementor-drop-cap{float:left;text-align:center;line-height:1;font-size:50px}.elementor-widget-text-editor .elementor-drop-cap-letter{display:inline-block}<\/style>\t\t\t\t<p><!-- wp:paragraph --><\/p>\n<section data-id=\"426d834\" data-element_type=\"section\">\n<div>\n<div data-id=\"8ac9318\" data-element_type=\"column\">\n<div>\n<div data-id=\"dbdb10b\" data-element_type=\"widget\" data-widget_type=\"wd_text_block.default\">\n<div>\n<div>\n<p>1. Klient zgodnie z ustaw\u0105 z dnia 30 maja 2014r. o prawach konsumenta mo\u017ce odst\u0105pi\u0107 od umowy sprzeda\u017cy internetowej bez podania przyczyny w ci\u0105gu 14 dni od daty wydania towaru tj. daty otrzymania przesy\u0142ki z zam\u00f3wieniem &#8211; po op\u0142ywie ww. terminu zwrot zam\u00f3wienia nie zostanie zaakceptowany.<\/p>\n<p>2. Zwracany towar nie mo\u017ce posiada\u0107 \u017cadnych znamion u\u017cytkowania tj. nie mo\u017ce by\u0107 pomi\u0119ty, brudny, pokryty sier\u015bci\u0105, dziurawy czy posiada\u0107 wo\u0144 np. perfum &#8211; zwrot nie spe\u0142niaj\u0105cy ww. wytycznych nie zostanie zaakceptowany.<\/p>\n<p>3. Towar nale\u017cy odes\u0142a\u0107 w takim samym stanie w jakim zosta\u0142 dostarczony tj. zapakowany w folie wraz z pozosta\u0142ymi rzeczami znajduj\u0105cymi si\u0119 w paczce.<\/p>\n<p>4. Do zwrotu nale\u017cy do\u0142\u0105czy\u0107 wype\u0142niony i podpisany <strong><span style=\"color: #ff0000;\">&#8216;<a style=\"color: #ff0000;\" href=\"https:\/\/rebelsunflowers.com\/wp-content\/uploads\/2023\/12\/formularz-zwrotu-zamowienia-1_page-0001-1.jpg\">FORMULARZ ZWROTU<\/a>&#8216;.<\/span><\/strong><\/p>\n<p>5. Je\u017celi dost\u0119pno\u015b\u0107 produktu na to pozwala sklep oferuje mo\u017cliwo\u015b\u0107 wymiany produktu na inny rozmiar. Pro\u015bb\u0119 dotycz\u0105c\u0105 wymiany nale\u017cy z\u0142o\u017cy\u0107 wype\u0142niaj\u0105c &#8216;UWAGI KLIENTA&#8217;. Produkt zostanie wys\u0142any za pobraniem na kwot\u0119 15 z\u0142 &#8211; jest to koszt ponownej dostawy.<\/p>\n<p>6. Reklamacje nale\u017cy z\u0142o\u017cy\u0107 wype\u0142niaj\u0105c &#8216;UWAGI KLIENTA&#8217; &#8211; decyzja dotycz\u0105ca reklamacji zostanie przes\u0142ana za po\u015brednictwem wiadomo\u015bci e-mail.<\/p>\n<p>7. Twoje \u015brodki zostan\u0105 zwr\u00f3cone na konto bankowe podane w formularzu zwrotu w ci\u0105gu 14 dni od dnia dostarczenia przesy\u0142ki ze zwrotem.<\/p>\n<p>8. Koszt wysy\u0142ki zwrotu towaru pokrywa klient.\u00a0<\/p>\n<p>9. Zam\u00f3wienie nale\u017cy odes\u0142a\u0107 dowoln\u0105 metod\u0105 na poni\u017cszy adres:<\/p>\n<\/div>\n<\/div>\n<\/div>\n<\/div>\n<\/div>\n<\/div>\n<\/section>\n<section data-id=\"b127149\" data-element_type=\"section\">\n<div>\n<div data-id=\"dbb07da\" data-element_type=\"column\">\n<div>\n<div data-id=\"31747e5\" data-element_type=\"widget\" data-widget_type=\"wd_text_block.default\">\n<div>\n<div>\n<p>REBEL SUNFLOWERS<br \/>WIELKA 23\/11<br \/>61-775 POZNA\u0143<br \/>E-MAIL: CONTACT@REBELSUNFLOWERS.COM<\/p>\n<\/div>\n<\/div>\n<\/div>\n<\/div>\n<\/div>\n<\/div>\n<\/section>\n<p><!-- \/wp:paragraph --><\/p>\t\t\t\t\t\t<\/div>\n\t\t\t\t<\/div>\n\t\t\t\t\t<\/div>\n\t\t<\/div>\n\t\t\t\t\t\t\t<\/div>\n\t\t<\/section>\n\t\t\t\t\t\t\t<\/div>\n\t\t","protected":false},"excerpt":{"rendered":"<p>Polityka zwrot\u00f3w 1. Klient zgodnie z ustaw\u0105 z dnia 30 maja 2014r. o prawach konsumenta mo\u017ce odst\u0105pi\u0107 od umowy sprzeda\u017cy internetowej bez podania przyczyny w ci\u0105gu 14 dni od daty wydania towaru tj. daty otrzymania przesy\u0142ki z zam\u00f3wieniem &#8211; po op\u0142ywie ww. terminu zwrot zam\u00f3wienia nie zostanie zaakceptowany. 2. Zwracany towar nie mo\u017ce posiada\u0107 \u017cadnych [&hellip;]<\/p>\n","protected":false},"author":1,"featured_media":0,"parent":0,"menu_order":0,"comment_status":"closed","ping_status":"closed","template":"elementor_header_footer","meta":{"inline_featured_image":false},"_links":{"self":[{"href":"https:\/\/rebelsunflowers.com\/index.php\/wp-json\/wp\/v2\/pages\/22"}],"collection":[{"href":"https:\/\/rebelsunflowers.com\/index.php\/wp-json\/wp\/v2\/pages"}],"about":[{"href":"https:\/\/rebelsunflowers.com\/index.php\/wp-json\/wp\/v2\/types\/page"}],"author":[{"embeddable":true,"href":"https:\/\/rebelsunflowers.com\/index.php\/wp-json\/wp\/v2\/users\/1"}],"replies":[{"embeddable":true,"href":"https:\/\/rebelsunflowers.com\/index.php\/wp-json\/wp\/v2\/comments?post=22"}],"version-history":[{"count":15,"href":"https:\/\/rebelsunflowers.com\/index.php\/wp-json\/wp\/v2\/pages\/22\/revisions"}],"predecessor-version":[{"id":858,"href":"https:\/\/rebelsunflowers.com\/index.php\/wp-json\/wp\/v2\/pages\/22\/revisions\/858"}],"wp:attachment":[{"href":"https:\/\/rebelsunflowers.com\/index.php\/wp-json\/wp\/v2\/media?parent=22"}],"curies":[{"name":"wp","href":"https:\/\/api.w.org\/{rel}","templated":true}]}}